{"id":2,"date":"2016-02-19T18:08:41","date_gmt":"2016-02-19T18:08:41","guid":{"rendered":"http:\/\/localhost\/patharteydiseno\/?page_id=2"},"modified":"2025-10-02T19:24:50","modified_gmt":"2025-10-02T19:24:50","slug":"pagina-ejemplo","status":"publish","type":"page","link":"https:\/\/pathdiseno.com\/","title":{"rendered":"HOME"},"content":{"rendered":"\t\t<div data-elementor-type=\"wp-page\" data-elementor-id=\"2\" class=\"elementor elementor-2\" data-elementor-post-type=\"page\">\n\t\t\t\t\t\t<section class=\"elementor-section elementor-top-section elementor-element elementor-element-959340b elementor-section-full_width elementor-section-height-default elementor-section-height-default\" data-id=\"959340b\" data-element_type=\"section\" data-e-type=\"section\">\n\t\t\t\t\t\t<div class=\"elementor-container elementor-column-gap-default\">\n\t\t\t\t\t<div class=\"elementor-column elementor-col-100 elementor-top-column elementor-element elementor-element-692031b\" data-id=\"692031b\" data-element_type=\"column\" data-e-type=\"column\">\n\t\t\t<div class=\"elementor-widget-wrap elementor-element-populated\">\n\t\t\t\t\t\t<div class=\"elementor-element elementor-element-a142e18 elementor--h-position-center elementor--v-position-middle elementor-arrows-position-inside elementor-pagination-position-inside elementor-widget elementor-widget-slides\" data-id=\"a142e18\" data-element_type=\"widget\" data-e-type=\"widget\" data-settings=\"{&quot;navigation&quot;:&quot;both&quot;,&quot;autoplay&quot;:&quot;yes&quot;,&quot;pause_on_hover&quot;:&quot;yes&quot;,&quot;pause_on_interaction&quot;:&quot;yes&quot;,&quot;autoplay_speed&quot;:5000,&quot;infinite&quot;:&quot;yes&quot;,&quot;transition&quot;:&quot;slide&quot;,&quot;transition_speed&quot;:500}\" data-widget_type=\"slides.default\">\n\t\t\t\t<div class=\"elementor-widget-container\">\n\t\t\t\t\t\t\t\t\t<div class=\"elementor-swiper\">\n\t\t\t\t\t<div class=\"elementor-slides-wrapper elementor-main-swiper swiper\" role=\"region\" aria-roledescription=\"carousel\" aria-label=\"Slides\" dir=\"ltr\" data-animation=\"fadeInUp\">\n\t\t\t\t<div class=\"swiper-wrapper elementor-slides\">\n\t\t\t\t\t\t\t\t\t\t<div class=\"elementor-repeater-item-3fe9952 swiper-slide\" role=\"group\" aria-roledescription=\"slide\"><div class=\"swiper-slide-bg\" role=\"img\" aria-label=\"Stands Vencol\"><\/div><a class=\"swiper-slide-inner\" href=\"https:\/\/pathdiseno.com\/?page_id=73\"><div class=\"swiper-slide-contents\"><div class=\"elementor-slide-heading\">STAND<\/div><div  class=\"elementor-button elementor-slide-button elementor-size-sm\">Click Here<\/div><\/div><\/a><\/div><div class=\"elementor-repeater-item-8b0ef42 swiper-slide\" role=\"group\" aria-roledescription=\"slide\"><div class=\"swiper-slide-bg\" role=\"img\" aria-label=\"Gondolas\"><\/div><a class=\"swiper-slide-inner\" href=\"https:\/\/pathdiseno.com\/?page_id=76\"><div class=\"swiper-slide-contents\"><div class=\"elementor-slide-heading\">GONDOLAS<\/div><div  class=\"elementor-button elementor-slide-button elementor-size-sm\">Click Here<\/div><\/div><\/a><\/div><div class=\"elementor-repeater-item-bd2b3e1 swiper-slide\" role=\"group\" aria-roledescription=\"slide\"><div class=\"swiper-slide-bg\" role=\"img\" aria-label=\"Remodelacion\"><\/div><a class=\"swiper-slide-inner\" href=\"https:\/\/pathdiseno.com\/?page_id=248\"><div class=\"swiper-slide-contents\"><div class=\"elementor-slide-heading\">DISE\u00d1O DE ESPACIOS<\/div><div  class=\"elementor-button elementor-slide-button elementor-size-sm\">Click Here<\/div><\/div><\/a><\/div><div class=\"elementor-repeater-item-0c02fd2 swiper-slide\" role=\"group\" aria-roledescription=\"slide\"><div class=\"swiper-slide-bg\" role=\"img\" aria-label=\"Oficinas\"><\/div><a class=\"swiper-slide-inner\" href=\"https:\/\/pathdiseno.com\/?page_id=252\"><div class=\"swiper-slide-contents\"><div class=\"elementor-slide-heading\">OFICINAS<\/div><div  class=\"elementor-button elementor-slide-button elementor-size-sm\">Click Here<\/div><\/div><\/a><\/div><div class=\"elementor-repeater-item-94af2c3 swiper-slide\" role=\"group\" aria-roledescription=\"slide\"><div class=\"swiper-slide-bg\" role=\"img\" aria-label=\"Produccion Contenido\"><\/div><a class=\"swiper-slide-inner\" href=\"https:\/\/pathdiseno.com\/?page_id=389\"><div class=\"swiper-slide-contents\"><div class=\"elementor-slide-heading\">PRODUCCI\u00d3N Y CONTENIDO<\/div><div  class=\"elementor-button elementor-slide-button elementor-size-sm\">Click Here<\/div><\/div><\/a><\/div><div class=\"elementor-repeater-item-c50f88e swiper-slide\" role=\"group\" aria-roledescription=\"slide\"><div class=\"swiper-slide-bg\" role=\"img\" aria-label=\"Stands\"><\/div><a class=\"swiper-slide-inner\" href=\"https:\/\/pathdiseno.com\/?page_id=387\"><div class=\"swiper-slide-contents\"><div class=\"elementor-slide-heading\">ESPACIOS COMERCIALES<\/div><div  class=\"elementor-button elementor-slide-button elementor-size-sm\">Click Here<\/div><\/div><\/a><\/div>\t\t\t\t<\/div>\n\t\t\t\t\t\t\t\t\t\t\t\t\t\t\t<div class=\"elementor-swiper-button elementor-swiper-button-prev\" role=\"button\" tabindex=\"0\" aria-label=\"Previous slide\">\n\t\t\t\t\t\t\t<i aria-hidden=\"true\" class=\"eicon-chevron-left\"><\/i>\t\t\t\t\t\t<\/div>\n\t\t\t\t\t\t<div class=\"elementor-swiper-button elementor-swiper-button-next\" role=\"button\" tabindex=\"0\" aria-label=\"Next slide\">\n\t\t\t\t\t\t\t<i aria-hidden=\"true\" class=\"eicon-chevron-right\"><\/i>\t\t\t\t\t\t<\/div>\n\t\t\t\t\t\t\t\t\t\t\t\t\t\t\t\t<div class=\"swiper-pagination\"><\/div>\n\t\t\t\t\t\t\t\t\t\t\t\t<\/div>\n\t\t\t\t<\/div>\n\t\t\t\t\t\t\t\t<\/div>\n\t\t\t\t<\/div>\n\t\t\t\t<div class=\"elementor-element elementor-element-70e9150 elementor-widget elementor-widget-spacer\" data-id=\"70e9150\" data-element_type=\"widget\" data-e-type=\"widget\" data-widget_type=\"spacer.default\">\n\t\t\t\t<div class=\"elementor-widget-container\">\n\t\t\t\t\t\t\t<div class=\"elementor-spacer\">\n\t\t\t<div class=\"elementor-spacer-inner\"><\/div>\n\t\t<\/div>\n\t\t\t\t\t\t<\/div>\n\t\t\t\t<\/div>\n\t\t\t\t\t<\/div>\n\t\t<\/div>\n\t\t\t\t\t<\/div>\n\t\t<\/section>\n\t\t\t\t<section class=\"elementor-section elementor-top-section elementor-element elementor-element-7ef364c elementor-section-boxed elementor-section-height-default elementor-section-height-default\" data-id=\"7ef364c\" data-element_type=\"section\" data-e-type=\"section\">\n\t\t\t\t\t\t<div class=\"elementor-container elementor-column-gap-default\">\n\t\t\t\t\t<div class=\"elementor-column elementor-col-100 elementor-top-column elementor-element elementor-element-95c7e52\" data-id=\"95c7e52\" data-element_type=\"column\" data-e-type=\"column\">\n\t\t\t<div class=\"elementor-widget-wrap\">\n\t\t\t\t\t\t\t<\/div>\n\t\t<\/div>\n\t\t\t\t\t<\/div>\n\t\t<\/section>\n\t\t\t\t<section class=\"elementor-section elementor-top-section elementor-element elementor-element-9265145 elementor-section-boxed elementor-section-height-default elementor-section-height-default\" data-id=\"9265145\" data-element_type=\"section\" data-e-type=\"section\">\n\t\t\t\t\t\t\t<div class=\"elementor-background-overlay\"><\/div>\n\t\t\t\t\t\t\t<div class=\"elementor-container elementor-column-gap-default\">\n\t\t\t\t\t<div class=\"elementor-column elementor-col-33 elementor-top-column elementor-element elementor-element-b6021c1\" data-id=\"b6021c1\" data-element_type=\"column\" data-e-type=\"column\">\n\t\t\t<div class=\"elementor-widget-wrap elementor-element-populated\">\n\t\t\t\t\t\t<div class=\"elementor-element elementor-element-475c9d9 elementor-widget elementor-widget-heading\" data-id=\"475c9d9\" data-element_type=\"widget\" data-e-type=\"widget\" data-widget_type=\"heading.default\">\n\t\t\t\t<div class=\"elementor-widget-container\">\n\t\t\t\t\t<h3 class=\"elementor-heading-title elementor-size-default\"><a href=\"https:\/\/pathdiseno.com\/?page_id=174\">EXHIBICI\u00d3N COMERCIAL<\/a><\/h3>\t\t\t\t<\/div>\n\t\t\t\t<\/div>\n\t\t\t\t<div class=\"elementor-element elementor-element-e6861de elementor-widget elementor-widget-text-editor\" data-id=\"e6861de\" data-element_type=\"widget\" data-e-type=\"widget\" data-widget_type=\"text-editor.default\">\n\t\t\t\t<div class=\"elementor-widget-container\">\n\t\t\t\t\t\t\t\t\t<p><span style=\"font-size: large; color: #808080;\"><a style=\"color: #808080;\" title=\"Exhibidores\" href=\"https:\/\/pathdiseno.com\/?page_id=70\"><span style=\"font-size: medium;\">Exhibidores<\/span><\/a><span style=\"font-size: medium;\"><br \/><a style=\"color: #808080;\" title=\"stands\" href=\"https:\/\/pathdiseno.com\/?page_id=73\">Stands<\/a><br \/><a style=\"color: #808080;\" title=\"g\u00f3ndolas\" href=\"https:\/\/pathdiseno.com\/?page_id=76\">G\u00f3ndolas<\/a><br \/><a style=\"color: #808080;\" title=\"backings\" href=\"https:\/\/pathdiseno.com\/?page_id=83\">Backings<\/a><br \/><a style=\"color: #808080;\" title=\"cambio de imagen\" href=\"https:\/\/pathdiseno.com\/?page_id=86\">Identidad Comercial<\/a><\/span><\/span><\/p>\t\t\t\t\t\t\t\t<\/div>\n\t\t\t\t<\/div>\n\t\t\t\t\t<\/div>\n\t\t<\/div>\n\t\t\t\t<div class=\"elementor-column elementor-col-33 elementor-top-column elementor-element elementor-element-6b763e0\" data-id=\"6b763e0\" data-element_type=\"column\" data-e-type=\"column\">\n\t\t\t<div class=\"elementor-widget-wrap elementor-element-populated\">\n\t\t\t\t\t\t<div class=\"elementor-element elementor-element-152c64f elementor-widget elementor-widget-heading\" data-id=\"152c64f\" data-element_type=\"widget\" data-e-type=\"widget\" data-widget_type=\"heading.default\">\n\t\t\t\t<div class=\"elementor-widget-container\">\n\t\t\t\t\t<h3 class=\"elementor-heading-title elementor-size-default\"><a href=\"https:\/\/pathdiseno.com\/?page_id=387\">ESPACIOS COMERCIALES<\/a><\/h3>\t\t\t\t<\/div>\n\t\t\t\t<\/div>\n\t\t\t\t<div class=\"elementor-element elementor-element-27b9255 elementor-widget elementor-widget-text-editor\" data-id=\"27b9255\" data-element_type=\"widget\" data-e-type=\"widget\" data-widget_type=\"text-editor.default\">\n\t\t\t\t<div class=\"elementor-widget-container\">\n\t\t\t\t\t\t\t\t\t<p><span style=\"color: #808080;\"><span style=\"font-size: x-large;\"><span style=\"font-size: medium;\"><a style=\"color: #808080;\" title=\"dise\u00f1o\" href=\"https:\/\/pathdiseno.com\/?page_id=248\">Dise\u00f1o<\/a><br \/><a style=\"color: #808080;\" title=\"remodelaci\u00f3n\" href=\"https:\/\/pathdiseno.com\/?page_id=250\">Remodelaci\u00f3n<\/a><br \/><a style=\"color: #808080;\" title=\"oficinas\" href=\"https:\/\/pathdiseno.com\/?page_id=252\">Oficinas<\/a><br \/><a style=\"color: #808080;\" title=\"locales\" href=\"https:\/\/pathdiseno.com\/?page_id=254\">Locales<\/a><br \/><a style=\"color: #808080;\" title=\"centros comerciales\" href=\"https:\/\/pathdiseno.com\/?page_id=393\">Centros Comerciales<\/a><\/span><\/span>.<\/span><\/p>\t\t\t\t\t\t\t\t<\/div>\n\t\t\t\t<\/div>\n\t\t\t\t\t<\/div>\n\t\t<\/div>\n\t\t\t\t<div class=\"elementor-column elementor-col-33 elementor-top-column elementor-element elementor-element-5452209\" data-id=\"5452209\" data-element_type=\"column\" data-e-type=\"column\">\n\t\t\t<div class=\"elementor-widget-wrap elementor-element-populated\">\n\t\t\t\t\t\t<div class=\"elementor-element elementor-element-c29502f elementor-widget elementor-widget-heading\" data-id=\"c29502f\" data-element_type=\"widget\" data-e-type=\"widget\" data-widget_type=\"heading.default\">\n\t\t\t\t<div class=\"elementor-widget-container\">\n\t\t\t\t\t<h3 class=\"elementor-heading-title elementor-size-default\"><a href=\"https:\/\/pathdiseno.com\/?page_id=389\">PRODUCCION Y CONTENIDO<\/a><\/h3>\t\t\t\t<\/div>\n\t\t\t\t<\/div>\n\t\t\t\t<div class=\"elementor-element elementor-element-28b000f elementor-widget elementor-widget-text-editor\" data-id=\"28b000f\" data-element_type=\"widget\" data-e-type=\"widget\" data-widget_type=\"text-editor.default\">\n\t\t\t\t<div class=\"elementor-widget-container\">\n\t\t\t\t\t\t\t\t\t<p><span style=\"font-size: large; color: #808080;\"><span style=\"font-size: x-large;\"><a style=\"color: #808080;\" title=\"Soluciones WEB\" href=\"https:\/\/pathdiseno.com\/?page_id=258\"><span style=\"font-size: medium;\">Soluciones WEB<\/span><\/a><span style=\"font-size: medium;\"><br \/><a style=\"color: #808080;\" title=\"social media\" href=\"https:\/\/pathdiseno.com\/?page_id=260\">Social Media<\/a><br \/><a style=\"color: #808080;\" title=\"producciones 3D\" href=\"https:\/\/pathdiseno.com\/?page_id=262\">Producciones 3D<\/a><br \/><a style=\"color: #808080;\" title=\"Reels\" href=\"https:\/\/pathdiseno.com\/?page_id=395\">Reels<\/a><br \/><a style=\"color: #808080;\" title=\"Reels\" href=\"https:\/\/pathdiseno.com\/?page_id=590\">Animaciones 3D<\/a><br \/><a style=\"color: #808080;\" title=\"aplicaciones interactivas\" href=\"https:\/\/pathdiseno.com\/?page_id=592\">Presentaciones 3D<\/a><\/span><\/span><\/span><\/p>\t\t\t\t\t\t\t\t<\/div>\n\t\t\t\t<\/div>\n\t\t\t\t\t<\/div>\n\t\t<\/div>\n\t\t\t\t\t<\/div>\n\t\t<\/section>\n\t\t\t\t<section class=\"elementor-section elementor-top-section elementor-element elementor-element-8a1b421 elementor-section-boxed elementor-section-height-default elementor-section-height-default\" data-id=\"8a1b421\" data-element_type=\"section\" data-e-type=\"section\">\n\t\t\t\t\t\t<div class=\"elementor-container elementor-column-gap-default\">\n\t\t\t\t\t<div class=\"elementor-column elementor-col-100 elementor-top-column elementor-element elementor-element-d4781f8\" data-id=\"d4781f8\" data-element_type=\"column\" data-e-type=\"column\">\n\t\t\t<div class=\"elementor-widget-wrap\">\n\t\t\t\t\t\t\t<\/div>\n\t\t<\/div>\n\t\t\t\t\t<\/div>\n\t\t<\/section>\n\t\t\t\t<section class=\"elementor-section elementor-top-section elementor-element elementor-element-7ac0e62 elementor-section-boxed elementor-section-height-default elementor-section-height-default\" data-id=\"7ac0e62\" data-element_type=\"section\" data-e-type=\"section\">\n\t\t\t\t\t\t<div class=\"elementor-container elementor-column-gap-default\">\n\t\t\t\t\t<div class=\"elementor-column elementor-col-33 elementor-top-column elementor-element elementor-element-850a8ef\" data-id=\"850a8ef\" data-element_type=\"column\" data-e-type=\"column\">\n\t\t\t<div class=\"elementor-widget-wrap elementor-element-populated\">\n\t\t\t\t\t\t<div class=\"elementor-element elementor-element-b0fbabd elementor-widget elementor-widget-heading\" data-id=\"b0fbabd\" data-element_type=\"widget\" data-e-type=\"widget\" data-widget_type=\"heading.default\">\n\t\t\t\t<div class=\"elementor-widget-container\">\n\t\t\t\t\t<h3 class=\"elementor-heading-title elementor-size-default\"><a href=\"https:\/\/pathdiseno.com\/?page_id=387\">BRICO ARTE EN MADERA<\/a><\/h3>\t\t\t\t<\/div>\n\t\t\t\t<\/div>\n\t\t\t\t<div class=\"elementor-element elementor-element-1c9dafe elementor-widget elementor-widget-text-editor\" data-id=\"1c9dafe\" data-element_type=\"widget\" data-e-type=\"widget\" data-widget_type=\"text-editor.default\">\n\t\t\t\t<div class=\"elementor-widget-container\">\n\t\t\t\t\t\t\t\t\t<p><span style=\"font-size: 12pt; color: #808080;\"><a style=\"color: #808080;\" title=\"Avisos Tallados\" href=\"https:\/\/pathdiseno.com\/?page_id=429\">Avisos Tallados<\/a><br \/><a style=\"color: #808080;\" title=\"Se\u00f1alizaci\u00f3n\" href=\"https:\/\/pathdiseno.com\/?page_id=431\">Se\u00f1alizaci\u00f3n<\/a><br \/><a style=\"color: #808080;\" title=\"Juegos Did\u00e1cticos\" href=\"https:\/\/pathdiseno.com\/?page_id=433\">Juegos Did\u00e1cticos<\/a><\/span><\/p>\t\t\t\t\t\t\t\t<\/div>\n\t\t\t\t<\/div>\n\t\t\t\t\t<\/div>\n\t\t<\/div>\n\t\t\t\t<div class=\"elementor-column elementor-col-33 elementor-top-column elementor-element elementor-element-c61f21d\" data-id=\"c61f21d\" data-element_type=\"column\" data-e-type=\"column\">\n\t\t\t<div class=\"elementor-widget-wrap elementor-element-populated\">\n\t\t\t\t\t\t<div class=\"elementor-element elementor-element-d94f3de elementor-widget elementor-widget-heading\" data-id=\"d94f3de\" data-element_type=\"widget\" data-e-type=\"widget\" data-widget_type=\"heading.default\">\n\t\t\t\t<div class=\"elementor-widget-container\">\n\t\t\t\t\t<h3 class=\"elementor-heading-title elementor-size-default\"><a href=\"https:\/\/pathdiseno.com\/?page_id=391\">DISE\u00d1O Y PUBLICIDAD<\/a><\/h3>\t\t\t\t<\/div>\n\t\t\t\t<\/div>\n\t\t\t\t<div class=\"elementor-element elementor-element-cfdffdb elementor-widget elementor-widget-text-editor\" data-id=\"cfdffdb\" data-element_type=\"widget\" data-e-type=\"widget\" data-widget_type=\"text-editor.default\">\n\t\t\t\t<div class=\"elementor-widget-container\">\n\t\t\t\t\t\t\t\t\t<p><span style=\"font-size: x-large; color: #808080;\"><span style=\"font-size: medium;\"><a style=\"color: #808080;\" title=\"Imagen Corporativa\" href=\"https:\/\/pathdiseno.com\/?page_id=266\">Imagen Corporativa<\/a><br \/><a style=\"color: #808080;\" title=\"Brochures y Papeler\u00eda\" href=\"https:\/\/pathdiseno.com\/?page_id=268\">Brochures y Papeler\u00eda<\/a><br \/><a style=\"color: #808080;\" title=\"Material POP\" href=\"https:\/\/pathdiseno.com\/?page_id=270\">Material POP<\/a><br \/><a style=\"color: #808080;\" title=\"Promocionales\" href=\"https:\/\/pathdiseno.com\/?page_id=273\">Promocionales<\/a><br \/><a style=\"color: #808080;\" title=\"Empaques\" href=\"https:\/\/pathdiseno.com\/?page_id=275\">Empaques<\/a><br \/><a style=\"color: #808080;\" title=\"Gran Formato\" href=\"https:\/\/pathdiseno.com\/?page_id=277\">Gran Formato<\/a><\/span><\/span><\/p>\t\t\t\t\t\t\t\t<\/div>\n\t\t\t\t<\/div>\n\t\t\t\t\t<\/div>\n\t\t<\/div>\n\t\t\t\t<div class=\"elementor-column elementor-col-33 elementor-top-column elementor-element elementor-element-d3d4af9\" data-id=\"d3d4af9\" data-element_type=\"column\" data-e-type=\"column\">\n\t\t\t<div class=\"elementor-widget-wrap\">\n\t\t\t\t\t\t\t<\/div>\n\t\t<\/div>\n\t\t\t\t\t<\/div>\n\t\t<\/section>\n\t\t\t\t<\/div>\n\t\t","protected":false},"excerpt":{"rendered":"<p>STANDClick HereGONDOLASClick HereDISE\u00d1O DE ESPACIOSClick HereOFICINASClick HerePRODUCCI\u00d3N Y CONTENIDOClick HereESPACIOS COMERCIALESClick Here EXHIBICI\u00d3N COMERCIAL ExhibidoresStandsG\u00f3ndolasBackingsIdentidad Comercial ESPACIOS COMERCIALES Dise\u00f1oRemodelaci\u00f3nOficinasLocalesCentros Comerciales. [&hellip;]<\/p>\n","protected":false},"author":1,"featured_media":0,"parent":0,"menu_order":1,"comment_status":"closed","ping_status":"closed","template":"elementor_header_footer","meta":{"site-sidebar-layout":"no-sidebar","site-content-layout":"","ast-site-content-layout":"full-width-container","site-content-style":"default","site-sidebar-style":"default","ast-global-header-display":"","ast-banner-title-visibility":"","ast-main-header-display":"","ast-hfb-above-header-display":"","ast-hfb-below-header-display":"","ast-hfb-mobile-header-display":"","site-post-title":"disabled","ast-breadcrumbs-content":"","ast-featured-img":"disabled","footer-sml-layout":"","ast-disable-related-posts":"","theme-transparent-header-meta":"","adv-header-id-meta":"","stick-header-meta":"","header-above-stick-meta":"","header-main-stick-meta":"","header-below-stick-meta":"","astra-migrate-meta-layouts":"default","ast-page-background-enabled":"default","ast-page-background-meta":{"desktop":{"background-color":"var(--ast-global-color-5)","background-image":"","background-repeat":"repeat","background-position":"center center","background-size":"auto","background-attachment":"scroll","background-type":"","background-media":"","overlay-type":"","overlay-color":"","overlay-opacity":"","overlay-gradient":""},"tablet":{"background-color":"","background-image":"","background-repeat":"repeat","background-position":"center center","background-size":"auto","background-attachment":"scroll","background-type":"","background-media":"","overlay-type":"","overlay-color":"","overlay-opacity":"","overlay-gradient":""},"mobile":{"background-color":"","background-image":"","background-repeat":"repeat","background-position":"center center","background-size":"auto","background-attachment":"scroll","background-type":"","background-media":"","overlay-type":"","overlay-color":"","overlay-opacity":"","overlay-gradient":""}},"ast-content-background-meta":{"desktop":{"background-color":"var(--ast-global-color-4)","background-image":"","background-repeat":"repeat","background-position":"center center","background-size":"auto","background-attachment":"scroll","background-type":"","background-media":"","overlay-type":"","overlay-color":"","overlay-opacity":"","overlay-gradient":""},"tablet":{"background-color":"var(--ast-global-color-4)","background-image":"","background-repeat":"repeat","background-position":"center center","background-size":"auto","background-attachment":"scroll","background-type":"","background-media":"","overlay-type":"","overlay-color":"","overlay-opacity":"","overlay-gradient":""},"mobile":{"background-color":"var(--ast-global-color-4)","background-image":"","background-repeat":"repeat","background-position":"center center","background-size":"auto","background-attachment":"scroll","background-type":"","background-media":"","overlay-type":"","overlay-color":"","overlay-opacity":"","overlay-gradient":""}},"footnotes":""},"class_list":["post-2","page","type-page","status-publish","hentry"],"_links":{"self":[{"href":"https:\/\/pathdiseno.com\/index.php?rest_route=\/wp\/v2\/pages\/2","targetHints":{"allow":["GET"]}}],"collection":[{"href":"https:\/\/pathdiseno.com\/index.php?rest_route=\/wp\/v2\/pages"}],"about":[{"href":"https:\/\/pathdiseno.com\/index.php?rest_route=\/wp\/v2\/types\/page"}],"author":[{"embeddable":true,"href":"https:\/\/pathdiseno.com\/index.php?rest_route=\/wp\/v2\/users\/1"}],"replies":[{"embeddable":true,"href":"https:\/\/pathdiseno.com\/index.php?rest_route=%2Fwp%2Fv2%2Fcomments&post=2"}],"version-history":[{"count":88,"href":"https:\/\/pathdiseno.com\/index.php?rest_route=\/wp\/v2\/pages\/2\/revisions"}],"predecessor-version":[{"id":1273,"href":"https:\/\/pathdiseno.com\/index.php?rest_route=\/wp\/v2\/pages\/2\/revisions\/1273"}],"wp:attachment":[{"href":"https:\/\/pathdiseno.com\/index.php?rest_route=%2Fwp%2Fv2%2Fmedia&parent=2"}],"curies":[{"name":"wp","href":"https:\/\/api.w.org\/{rel}","templated":true}]}}