{"id":218,"date":"2016-04-11T21:38:05","date_gmt":"2016-04-11T21:38:05","guid":{"rendered":"http:\/\/localhost\/patharteydiseno\/?page_id=218"},"modified":"2025-09-24T20:11:09","modified_gmt":"2025-09-24T20:11:09","slug":"nosotros","status":"publish","type":"page","link":"https:\/\/pathdiseno.com\/?page_id=218","title":{"rendered":"NOSOTROS"},"content":{"rendered":"\t\t<div data-elementor-type=\"wp-page\" data-elementor-id=\"218\" class=\"elementor elementor-218\" data-elementor-post-type=\"page\">\n\t\t\t\t\t\t<section class=\"elementor-section elementor-top-section elementor-element elementor-element-6701569 elementor-section-boxed elementor-section-height-default elementor-section-height-default\" data-id=\"6701569\" data-element_type=\"section\" data-e-type=\"section\">\n\t\t\t\t\t\t<div class=\"elementor-container elementor-column-gap-default\">\n\t\t\t\t\t<div class=\"elementor-column elementor-col-66 elementor-top-column elementor-element elementor-element-4b6b2e5\" data-id=\"4b6b2e5\" data-element_type=\"column\" data-e-type=\"column\" data-settings=\"{&quot;background_background&quot;:&quot;classic&quot;}\">\n\t\t\t<div class=\"elementor-widget-wrap elementor-element-populated\">\n\t\t\t\t\t\t<div class=\"elementor-element elementor-element-26622f4 elementor-widget elementor-widget-image\" data-id=\"26622f4\" data-element_type=\"widget\" data-e-type=\"widget\" data-widget_type=\"image.default\">\n\t\t\t\t<div class=\"elementor-widget-container\">\n\t\t\t\t\t\t\t\t\t\t\t\t\t\t\t<img fetchpriority=\"high\" decoding=\"async\" width=\"397\" height=\"796\" src=\"https:\/\/pathdiseno.com\/wp-content\/uploads\/2016\/03\/WEB-PATH-ARTE-Y-DISE\u00d1Ooo.png\" class=\"attachment-medium_large size-medium_large wp-image-359\" alt=\"\" srcset=\"https:\/\/pathdiseno.com\/wp-content\/uploads\/2016\/03\/WEB-PATH-ARTE-Y-DISE\u00d1Ooo.png 397w, https:\/\/pathdiseno.com\/wp-content\/uploads\/2016\/03\/WEB-PATH-ARTE-Y-DISE\u00d1Ooo-150x300.png 150w\" sizes=\"(max-width: 397px) 100vw, 397px\" \/>\t\t\t\t\t\t\t\t\t\t\t\t\t\t\t<\/div>\n\t\t\t\t<\/div>\n\t\t\t\t\t<\/div>\n\t\t<\/div>\n\t\t\t\t<div class=\"elementor-column elementor-col-33 elementor-top-column elementor-element elementor-element-d398453\" data-id=\"d398453\" data-element_type=\"column\" data-e-type=\"column\">\n\t\t\t<div class=\"elementor-widget-wrap elementor-element-populated\">\n\t\t\t\t\t\t<div class=\"elementor-element elementor-element-305de04 elementor-widget elementor-widget-text-editor\" data-id=\"305de04\" data-element_type=\"widget\" data-e-type=\"widget\" data-widget_type=\"text-editor.default\">\n\t\t\t\t<div class=\"elementor-widget-container\">\n\t\t\t\t\t\t\t\t\t<p style=\"text-align: right;\"><span style=\"font-size: 14pt; color: #999999;\"><span style=\"font-family: futurabc;\"> Path Arte y Dise\u00f1o es un estudio que desarrolla soluciones estrat\u00e9gicas de dise\u00f1o para empresas que quieran mejorar su imagen, tanto a nivel visual como a nivel de comunicaci\u00f3n.<\/span>\u00a0<\/span><\/p><p style=\"text-align: right;\"><span style=\"font-size: 14pt; color: #999999;\"><span style=\"font-family: Impact,Chicago;\"><span style=\"font-family: futurabc;\"> Nuestro equipo de desarrollo cuenta con una amplia experiencia en dise\u00f1o y con el respaldo de nuestros <\/span> <span style=\"font-family: futurabc;\">clientes que pueden dar testimonio y certificaci\u00f3n de nuestra calidad y desempe\u00f1o.<\/span><\/span>\u00a0<\/span><\/p><p style=\"text-align: right;\"><span style=\"font-size: 14pt; color: #999999;\"><span style=\"font-family: Impact,Chicago;\"><span style=\"font-family: futurabc;\"> Misi\u00f3n: El compromiso<\/span> <span style=\"font-family: futurabc;\">con nuestros clientes es desarrollar de manera creativa e innovadora las soluciones a sus necesidades y para estar siempre a la vanguardia de nuevas alternativas.<\/span><\/span>\u00a0<\/span><\/p><p style=\"text-align: right;\"><span style=\"font-size: 14pt; color: #999999;\"><span style=\"font-family: futurabc;\"> Visi\u00f3n: Es ser el mejor aliado para nuestros clientes, posicion\u00e1ndonos como un estudio que da las mejores soluciones para el crecimiento empresarial a nivel de producci\u00f3n visual.<\/span><\/span><\/p><p style=\"text-align: right;\"><span style=\"font-size: 14pt; color: #999999;\"><span style=\"font-family: futurabc;\">\u00a0<\/span><\/span><\/p>\t\t\t\t\t\t\t\t<\/div>\n\t\t\t\t<\/div>\n\t\t\t\t\t<\/div>\n\t\t<\/div>\n\t\t\t\t\t<\/div>\n\t\t<\/section>\n\t\t\t\t<\/div>\n\t\t","protected":false},"excerpt":{"rendered":"<p>Path Arte y Dise\u00f1o es un estudio que desarrolla soluciones estrat\u00e9gicas de dise\u00f1o para empresas que quieran mejorar su imagen, [&hellip;]<\/p>\n","protected":false},"author":1,"featured_media":0,"parent":0,"menu_order":0,"comment_status":"closed","ping_status":"closed","template":"","meta":{"site-sidebar-layout":"default","site-content-layout":"","ast-site-content-layout":"default","site-content-style":"default","site-sidebar-style":"default","ast-global-header-display":"","ast-banner-title-visibility":"","ast-main-header-display":"","ast-hfb-above-header-display":"","ast-hfb-below-header-display":"","ast-hfb-mobile-header-display":"","site-post-title":"","ast-breadcrumbs-content":"","ast-featured-img":"","footer-sml-layout":"","ast-disable-related-posts":"","theme-transparent-header-meta":"","adv-header-id-meta":"","stick-header-meta":"","header-above-stick-meta":"","header-main-stick-meta":"","header-below-stick-meta":"","astra-migrate-meta-layouts":"default","ast-page-background-enabled":"default","ast-page-background-meta":{"desktop":{"background-color":"var(--ast-global-color-5)","background-image":"","background-repeat":"repeat","background-position":"center center","background-size":"auto","background-attachment":"scroll","background-type":"","background-media":"","overlay-type":"","overlay-color":"","overlay-opacity":"","overlay-gradient":""},"tablet":{"background-color":"","background-image":"","background-repeat":"repeat","background-position":"center center","background-size":"auto","background-attachment":"scroll","background-type":"","background-media":"","overlay-type":"","overlay-color":"","overlay-opacity":"","overlay-gradient":""},"mobile":{"background-color":"","background-image":"","background-repeat":"repeat","background-position":"center center","background-size":"auto","background-attachment":"scroll","background-type":"","background-media":"","overlay-type":"","overlay-color":"","overlay-opacity":"","overlay-gradient":""}},"ast-content-background-meta":{"desktop":{"background-color":"var(--ast-global-color-4)","background-image":"","background-repeat":"repeat","background-position":"center center","background-size":"auto","background-attachment":"scroll","background-type":"","background-media":"","overlay-type":"","overlay-color":"","overlay-opacity":"","overlay-gradient":""},"tablet":{"background-color":"var(--ast-global-color-4)","background-image":"","background-repeat":"repeat","background-position":"center center","background-size":"auto","background-attachment":"scroll","background-type":"","background-media":"","overlay-type":"","overlay-color":"","overlay-opacity":"","overlay-gradient":""},"mobile":{"background-color":"var(--ast-global-color-4)","background-image":"","background-repeat":"repeat","background-position":"center center","background-size":"auto","background-attachment":"scroll","background-type":"","background-media":"","overlay-type":"","overlay-color":"","overlay-opacity":"","overlay-gradient":""}},"footnotes":""},"class_list":["post-218","page","type-page","status-publish","hentry"],"_links":{"self":[{"href":"https:\/\/pathdiseno.com\/index.php?rest_route=\/wp\/v2\/pages\/218","targetHints":{"allow":["GET"]}}],"collection":[{"href":"https:\/\/pathdiseno.com\/index.php?rest_route=\/wp\/v2\/pages"}],"about":[{"href":"https:\/\/pathdiseno.com\/index.php?rest_route=\/wp\/v2\/types\/page"}],"author":[{"embeddable":true,"href":"https:\/\/pathdiseno.com\/index.php?rest_route=\/wp\/v2\/users\/1"}],"replies":[{"embeddable":true,"href":"https:\/\/pathdiseno.com\/index.php?rest_route=%2Fwp%2Fv2%2Fcomments&post=218"}],"version-history":[{"count":26,"href":"https:\/\/pathdiseno.com\/index.php?rest_route=\/wp\/v2\/pages\/218\/revisions"}],"predecessor-version":[{"id":999,"href":"https:\/\/pathdiseno.com\/index.php?rest_route=\/wp\/v2\/pages\/218\/revisions\/999"}],"wp:attachment":[{"href":"https:\/\/pathdiseno.com\/index.php?rest_route=%2Fwp%2Fv2%2Fmedia&parent=218"}],"curies":[{"name":"wp","href":"https:\/\/api.w.org\/{rel}","templated":true}]}}