{"id":273,"date":"2016-04-11T23:48:13","date_gmt":"2016-04-11T23:48:13","guid":{"rendered":"http:\/\/localhost\/patharteydiseno\/?page_id=273"},"modified":"2017-03-08T17:05:10","modified_gmt":"2017-03-08T17:05:10","slug":"branding","status":"publish","type":"page","link":"https:\/\/pathdiseno.com\/?page_id=273","title":{"rendered":"Promocionales"},"content":{"rendered":"<p><span style=\"font-size: 18pt; color: #999999; font-family: futuran;\"><a style=\"color: #999999;\" href=\"http:\/\/patharteydiseno.com\/wp-content\/uploads\/2017\/03\/Promocionales.png\"><img fetchpriority=\"high\" decoding=\"async\" class=\"alignnone wp-image-713 aligncenter\" src=\"http:\/\/patharteydiseno.com\/wp-content\/uploads\/2017\/03\/Promocionales-300x146.png\" alt=\"Promocionales\" width=\"1024\" height=\"498\" srcset=\"https:\/\/pathdiseno.com\/wp-content\/uploads\/2017\/03\/Promocionales-300x146.png 300w, https:\/\/pathdiseno.com\/wp-content\/uploads\/2017\/03\/Promocionales-768x374.png 768w, https:\/\/pathdiseno.com\/wp-content\/uploads\/2017\/03\/Promocionales.png 1024w\" sizes=\"(max-width: 1024px) 100vw, 1024px\" \/><\/a><\/span><\/p>\n<p style=\"text-align: center;\"><span style=\"font-size: 14pt; color: #999999; font-family: futuran;\">El material promocional es la ayuda visual de recordaci\u00f3n de marca, tambi\u00e9n se<br \/>\nutilizan como identificaci\u00f3n en eventos promocionales o reactivaciones.<\/span><\/p>\n<p style=\"text-align: center;\"><span style=\"font-size: 14pt; color: #999999; font-family: futuran;\"><strong>Productos:<\/strong><\/span><br \/>\n<span style=\"font-size: 14pt; color: #999999; font-family: futuran;\"> Esferos<\/span><br \/>\n<span style=\"font-size: 14pt; color: #999999; font-family: futuran;\"> Llaveros<\/span><br \/>\n<span style=\"font-size: 14pt; color: #999999; font-family: futuran;\"> Gorras<\/span><br \/>\n<span style=\"font-size: 14pt; color: #999999; font-family: futuran;\"> Camisetas<\/span><br \/>\n<span style=\"font-size: 14pt; color: #999999; font-family: futuran;\"> Muggs<\/span><br \/>\n<span style=\"font-size: 14pt; color: #999999; font-family: futuran;\"> Relojes<\/span><br \/>\n<span style=\"font-size: 14pt; color: #999999; font-family: futuran;\"> Botones<\/span><br \/>\n<span style=\"font-size: 14pt; color: #999999; font-family: futuran;\"> Sombrillas<\/span><\/p>\n<p>&nbsp;<\/p>\n","protected":false},"excerpt":{"rendered":"<p>El material promocional es la ayuda visual de recordaci\u00f3n de marca, tambi\u00e9n se utilizan como identificaci\u00f3n en eventos promocionales o [&hellip;]<\/p>\n","protected":false},"author":1,"featured_media":0,"parent":0,"menu_order":0,"comment_status":"closed","ping_status":"closed","template":"","meta":{"site-sidebar-layout":"default","site-content-layout":"","ast-site-content-layout":"default","site-content-style":"default","site-sidebar-style":"default","ast-global-header-display":"","ast-banner-title-visibility":"","ast-main-header-display":"","ast-hfb-above-header-display":"","ast-hfb-below-header-display":"","ast-hfb-mobile-header-display":"","site-post-title":"","ast-breadcrumbs-content":"","ast-featured-img":"","footer-sml-layout":"","ast-disable-related-posts":"","theme-transparent-header-meta":"","adv-header-id-meta":"","stick-header-meta":"","header-above-stick-meta":"","header-main-stick-meta":"","header-below-stick-meta":"","astra-migrate-meta-layouts":"default","ast-page-background-enabled":"default","ast-page-background-meta":{"desktop":{"background-color":"var(--ast-global-color-5)","background-image":"","background-repeat":"repeat","background-position":"center center","background-size":"auto","background-attachment":"scroll","background-type":"","background-media":"","overlay-type":"","overlay-color":"","overlay-opacity":"","overlay-gradient":""},"tablet":{"background-color":"","background-image":"","background-repeat":"repeat","background-position":"center center","background-size":"auto","background-attachment":"scroll","background-type":"","background-media":"","overlay-type":"","overlay-color":"","overlay-opacity":"","overlay-gradient":""},"mobile":{"background-color":"","background-image":"","background-repeat":"repeat","background-position":"center center","background-size":"auto","background-attachment":"scroll","background-type":"","background-media":"","overlay-type":"","overlay-color":"","overlay-opacity":"","overlay-gradient":""}},"ast-content-background-meta":{"desktop":{"background-color":"var(--ast-global-color-4)","background-image":"","background-repeat":"repeat","background-position":"center center","background-size":"auto","background-attachment":"scroll","background-type":"","background-media":"","overlay-type":"","overlay-color":"","overlay-opacity":"","overlay-gradient":""},"tablet":{"background-color":"var(--ast-global-color-4)","background-image":"","background-repeat":"repeat","background-position":"center center","background-size":"auto","background-attachment":"scroll","background-type":"","background-media":"","overlay-type":"","overlay-color":"","overlay-opacity":"","overlay-gradient":""},"mobile":{"background-color":"var(--ast-global-color-4)","background-image":"","background-repeat":"repeat","background-position":"center center","background-size":"auto","background-attachment":"scroll","background-type":"","background-media":"","overlay-type":"","overlay-color":"","overlay-opacity":"","overlay-gradient":""}},"footnotes":""},"class_list":["post-273","page","type-page","status-publish","hentry"],"_links":{"self":[{"href":"https:\/\/pathdiseno.com\/index.php?rest_route=\/wp\/v2\/pages\/273","targetHints":{"allow":["GET"]}}],"collection":[{"href":"https:\/\/pathdiseno.com\/index.php?rest_route=\/wp\/v2\/pages"}],"about":[{"href":"https:\/\/pathdiseno.com\/index.php?rest_route=\/wp\/v2\/types\/page"}],"author":[{"embeddable":true,"href":"https:\/\/pathdiseno.com\/index.php?rest_route=\/wp\/v2\/users\/1"}],"replies":[{"embeddable":true,"href":"https:\/\/pathdiseno.com\/index.php?rest_route=%2Fwp%2Fv2%2Fcomments&post=273"}],"version-history":[{"count":18,"href":"https:\/\/pathdiseno.com\/index.php?rest_route=\/wp\/v2\/pages\/273\/revisions"}],"predecessor-version":[{"id":771,"href":"https:\/\/pathdiseno.com\/index.php?rest_route=\/wp\/v2\/pages\/273\/revisions\/771"}],"wp:attachment":[{"href":"https:\/\/pathdiseno.com\/index.php?rest_route=%2Fwp%2Fv2%2Fmedia&parent=273"}],"curies":[{"name":"wp","href":"https:\/\/api.w.org\/{rel}","templated":true}]}}