{"id":395,"date":"2016-04-19T03:56:26","date_gmt":"2016-04-19T03:56:26","guid":{"rendered":"http:\/\/patharteydiseno.com\/?page_id=395"},"modified":"2017-03-08T16:17:17","modified_gmt":"2017-03-08T16:17:17","slug":"aplicaciones-interativas","status":"publish","type":"page","link":"https:\/\/pathdiseno.com\/?page_id=395","title":{"rendered":"Reels"},"content":{"rendered":"<div style=\"width: 640px;\" class=\"wp-video\"><video class=\"wp-video-shortcode\" id=\"video-395-1\" width=\"640\" height=\"396\" preload=\"metadata\" controls=\"controls\"><source type=\"video\/mp4\" src=\"http:\/\/patharteydiseno.com\/wp-content\/uploads\/2016\/04\/Comp-2-SD.mp4?_=1\" \/><a href=\"http:\/\/patharteydiseno.com\/wp-content\/uploads\/2016\/04\/Comp-2-SD.mp4\">http:\/\/patharteydiseno.com\/wp-content\/uploads\/2016\/04\/Comp-2-SD.mp4<\/a><\/video><\/div>\n<p>&nbsp;<\/p>\n<table style=\"height: 132px;\" width=\"647\">\n<tbody>\n<tr>\n<td style=\"width: 637px; text-align: left;\">\n<p style=\"text-align: center;\"><span style=\"font-family: futuran; font-size: 14pt; color: #999999;\">Un Demo Reel no es m\u00e1s que un curr\u00edculo, portafolio o presentaci\u00f3n en video realizado con la finalidad de promocionar empresas, servicios o marcas, el video pretende mostrar de manera breve la filosof\u00eda, objetivos o descripciones seg\u00fan corresponda a los intereses de cada cliente.<\/span><\/p>\n<p style=\"text-align: center;\"><span style=\"font-family: futuran; font-size: 14pt; color: #999999;\">Desde lo m\u00e1s sencillo, hasta lo realmente espectacular; conlleva toda una tarea creativa para su realizaci\u00f3n, gui\u00f3n, animaci\u00f3n, edici\u00f3n y audio.<\/span><\/p>\n<\/td>\n<\/tr>\n<\/tbody>\n<\/table>\n<p>&nbsp;<\/p>\n<p>&nbsp;<\/p>\n","protected":false},"excerpt":{"rendered":"<p>&nbsp; Un Demo Reel no es m\u00e1s que un curr\u00edculo, portafolio o presentaci\u00f3n en video realizado con la finalidad de [&hellip;]<\/p>\n","protected":false},"author":1,"featured_media":0,"parent":0,"menu_order":0,"comment_status":"closed","ping_status":"closed","template":"","meta":{"site-sidebar-layout":"default","site-content-layout":"","ast-site-content-layout":"default","site-content-style":"default","site-sidebar-style":"default","ast-global-header-display":"","ast-banner-title-visibility":"","ast-main-header-display":"","ast-hfb-above-header-display":"","ast-hfb-below-header-display":"","ast-hfb-mobile-header-display":"","site-post-title":"","ast-breadcrumbs-content":"","ast-featured-img":"","footer-sml-layout":"","ast-disable-related-posts":"","theme-transparent-header-meta":"","adv-header-id-meta":"","stick-header-meta":"","header-above-stick-meta":"","header-main-stick-meta":"","header-below-stick-meta":"","astra-migrate-meta-layouts":"default","ast-page-background-enabled":"default","ast-page-background-meta":{"desktop":{"background-color":"var(--ast-global-color-5)","background-image":"","background-repeat":"repeat","background-position":"center center","background-size":"auto","background-attachment":"scroll","background-type":"","background-media":"","overlay-type":"","overlay-color":"","overlay-opacity":"","overlay-gradient":""},"tablet":{"background-color":"","background-image":"","background-repeat":"repeat","background-position":"center center","background-size":"auto","background-attachment":"scroll","background-type":"","background-media":"","overlay-type":"","overlay-color":"","overlay-opacity":"","overlay-gradient":""},"mobile":{"background-color":"","background-image":"","background-repeat":"repeat","background-position":"center center","background-size":"auto","background-attachment":"scroll","background-type":"","background-media":"","overlay-type":"","overlay-color":"","overlay-opacity":"","overlay-gradient":""}},"ast-content-background-meta":{"desktop":{"background-color":"var(--ast-global-color-4)","background-image":"","background-repeat":"repeat","background-position":"center center","background-size":"auto","background-attachment":"scroll","background-type":"","background-media":"","overlay-type":"","overlay-color":"","overlay-opacity":"","overlay-gradient":""},"tablet":{"background-color":"var(--ast-global-color-4)","background-image":"","background-repeat":"repeat","background-position":"center center","background-size":"auto","background-attachment":"scroll","background-type":"","background-media":"","overlay-type":"","overlay-color":"","overlay-opacity":"","overlay-gradient":""},"mobile":{"background-color":"var(--ast-global-color-4)","background-image":"","background-repeat":"repeat","background-position":"center center","background-size":"auto","background-attachment":"scroll","background-type":"","background-media":"","overlay-type":"","overlay-color":"","overlay-opacity":"","overlay-gradient":""}},"footnotes":""},"class_list":["post-395","page","type-page","status-publish","hentry"],"_links":{"self":[{"href":"https:\/\/pathdiseno.com\/index.php?rest_route=\/wp\/v2\/pages\/395","targetHints":{"allow":["GET"]}}],"collection":[{"href":"https:\/\/pathdiseno.com\/index.php?rest_route=\/wp\/v2\/pages"}],"about":[{"href":"https:\/\/pathdiseno.com\/index.php?rest_route=\/wp\/v2\/types\/page"}],"author":[{"embeddable":true,"href":"https:\/\/pathdiseno.com\/index.php?rest_route=\/wp\/v2\/users\/1"}],"replies":[{"embeddable":true,"href":"https:\/\/pathdiseno.com\/index.php?rest_route=%2Fwp%2Fv2%2Fcomments&post=395"}],"version-history":[{"count":19,"href":"https:\/\/pathdiseno.com\/index.php?rest_route=\/wp\/v2\/pages\/395\/revisions"}],"predecessor-version":[{"id":726,"href":"https:\/\/pathdiseno.com\/index.php?rest_route=\/wp\/v2\/pages\/395\/revisions\/726"}],"wp:attachment":[{"href":"https:\/\/pathdiseno.com\/index.php?rest_route=%2Fwp%2Fv2%2Fmedia&parent=395"}],"curies":[{"name":"wp","href":"https:\/\/api.w.org\/{rel}","templated":true}]}}